{"id":6,"date":"2022-04-22T19:44:17","date_gmt":"2022-04-22T19:44:17","guid":{"rendered":"http:\/\/alumni-hsaka.net\/?page_id=6"},"modified":"2022-10-01T17:54:29","modified_gmt":"2022-10-01T15:54:29","slug":"mitglied-werden","status":"publish","type":"page","link":"https:\/\/alumni-hsaka.net\/?page_id=6","title":{"rendered":"Mitglied werden"},"content":{"rendered":"\n<p class=\"has-text-align-left\">F\u00fcr eine Mitgliedschaft brauchen wir Deine Kontaktdaten und ein SEPA-Mandat. Mitglied werden ist ganz einfach, klick einfach auf den Button und du wirst zu unserem Anmeldeformular weitergeleitet.<\/p>\n\n\n\n<div class=\"wp-block-buttons is-layout-flex wp-block-buttons-is-layout-flex\">\n<div class=\"wp-block-button aligncenter\"><a class=\"wp-block-button__link\" href=\"https:\/\/docs.google.com\/forms\/d\/e\/1FAIpQLSchk6Q_kiYtUQGSqqVf537io_ejMVPQGTrjA7iILNHTqnEygA\/viewform\" target=\"_blank\" rel=\"noreferrer noopener\">Mitgliedsantrag<\/a><\/div>\n<\/div>\n\n\n\n<p><\/p>\n\n\n\n<p>Die Mitgliedschaft im Alumni- und F\u00f6rderverein soll nicht von Deinem Einkommen abh\u00e4ngig sein. Alle sollen zahlen, was sie sich leisten k\u00f6nnen und wollen. Deshalb hast Du die M\u00f6glichkeit, Dich zwischen gestaffelten Mitgliedsbeitr\u00e4gen von 0 \u20ac \/ 20 \u20ac \/ 50 \u20ac zu entscheiden.<\/p>\n\n\n\n<p>Es gibt au\u00dferdem die Option, F\u00f6rdermitglied zu werden und einen frei w\u00e4hlbaren, h\u00f6heren Beitrag zu zahlen.<\/p>\n","protected":false},"excerpt":{"rendered":"<p>F\u00fcr eine Mitgliedschaft brauchen wir Deine Kontaktdaten und ein SEPA-Mandat. Mitglied werden ist ganz einfach, klick einfach auf den Button und du wirst zu unserem Anmeldeformular weitergeleitet. Die Mitgliedschaft im [&hellip;]<\/p>\n","protected":false},"author":1,"featured_media":0,"parent":0,"menu_order":0,"comment_status":"closed","ping_status":"closed","template":"","meta":{"footnotes":""},"class_list":["post-6","page","type-page","status-publish","hentry"],"_links":{"self":[{"href":"https:\/\/alumni-hsaka.net\/index.php?rest_route=\/wp\/v2\/pages\/6","targetHints":{"allow":["GET"]}}],"collection":[{"href":"https:\/\/alumni-hsaka.net\/index.php?rest_route=\/wp\/v2\/pages"}],"about":[{"href":"https:\/\/alumni-hsaka.net\/index.php?rest_route=\/wp\/v2\/types\/page"}],"author":[{"embeddable":true,"href":"https:\/\/alumni-hsaka.net\/index.php?rest_route=\/wp\/v2\/users\/1"}],"replies":[{"embeddable":true,"href":"https:\/\/alumni-hsaka.net\/index.php?rest_route=%2Fwp%2Fv2%2Fcomments&post=6"}],"version-history":[{"count":7,"href":"https:\/\/alumni-hsaka.net\/index.php?rest_route=\/wp\/v2\/pages\/6\/revisions"}],"predecessor-version":[{"id":148,"href":"https:\/\/alumni-hsaka.net\/index.php?rest_route=\/wp\/v2\/pages\/6\/revisions\/148"}],"wp:attachment":[{"href":"https:\/\/alumni-hsaka.net\/index.php?rest_route=%2Fwp%2Fv2%2Fmedia&parent=6"}],"curies":[{"name":"wp","href":"https:\/\/api.w.org\/{rel}","templated":true}]}}